{"id":331,"date":"2022-07-13T12:02:09","date_gmt":"2022-07-13T12:02:09","guid":{"rendered":"https:\/\/kluge-personaltraining.de\/?page_id=331"},"modified":"2023-04-15T21:16:47","modified_gmt":"2023-04-15T19:16:47","slug":"datenschutz","status":"publish","type":"page","link":"https:\/\/kluge-personaltraining.de\/index.php\/datenschutz\/","title":{"rendered":"Datenschutz"},"content":{"rendered":"\t\t<div data-elementor-type=\"wp-page\" data-elementor-id=\"331\" class=\"elementor elementor-331\">\n\t\t\t\t\t\t\t\t\t<section class=\"elementor-section elementor-top-section elementor-element elementor-element-62d50b4 elementor-section-boxed elementor-section-height-default elementor-section-height-default\" data-id=\"62d50b4\" data-element_type=\"section\">\n\t\t\t\t\t\t<div class=\"elementor-container elementor-column-gap-default\">\n\t\t\t\t\t<div class=\"elementor-column elementor-col-100 elementor-top-column elementor-element elementor-element-29bee12\" data-id=\"29bee12\" data-element_type=\"column\">\n\t\t\t<div class=\"elementor-widget-wrap elementor-element-populated\">\n\t\t\t\t\t\t\t\t<div class=\"elementor-element elementor-element-9f22a5d elementor-widget elementor-widget-text-editor\" data-id=\"9f22a5d\" data-element_type=\"widget\" data-widget_type=\"text-editor.default\">\n\t\t\t\t<div class=\"elementor-widget-container\">\n\t\t\t<style>\/*! elementor - v3.12.1 - 02-04-2023 *\/\n.elementor-widget-text-editor.elementor-drop-cap-view-stacked .elementor-drop-cap{background-color:#69727d;color:#fff}.elementor-widget-text-editor.elementor-drop-cap-view-framed .elementor-drop-cap{color:#69727d;border:3px solid;background-color:transparent}.elementor-widget-text-editor:not(.elementor-drop-cap-view-default) .elementor-drop-cap{margin-top:8px}.elementor-widget-text-editor:not(.elementor-drop-cap-view-default) .elementor-drop-cap-letter{width:1em;height:1em}.elementor-widget-text-editor .elementor-drop-cap{float:left;text-align:center;line-height:1;font-size:50px}.elementor-widget-text-editor .elementor-drop-cap-letter{display:inline-block}<\/style>\t\t\t\t<h1>Datenschutz<\/h1><p>Verantwortlicher f\u00fcr die Datenverarbeitung ist:<\/p><p>Johannes Kluge<br \/>Laubestra\u00dfe 48<br \/>01309 Dresden<br \/>Deutschland<br \/><a href=\"mailto:info@kluge-personaltraining.de\">info@kluge-personaltraining.de<\/a><\/p><p>Wir freuen uns \u00fcber Ihr Interesse an unserer Webseite. Der Schutz Ihrer Privatsph\u00e4re ist f\u00fcr uns sehr wichtig. Nachstehend informieren wir Sie ausf\u00fchrlich \u00fcber den Umgang mit Ihren Daten.<\/p><p>Die verantwortliche Stelle entscheidet allein oder gemeinsam mit anderen \u00fcber die Zwecke und Mittel der Verarbeitung von personenbezogenen Daten (z.B. Namen, Kontaktdaten o. \u00c4.).<\/p><p>Widerruf Ihrer Einwilligung zur Datenverarbeitung<br \/>Nur mit Ihrer ausdr\u00fccklichen Einwilligung sind einige Vorg\u00e4nge der Datenverarbeitung m\u00f6glich. Ein Widerruf Ihrer bereits erteilten Einwilligung ist jederzeit m\u00f6glich. F\u00fcr den Widerruf gen\u00fcgt eine formlose Mitteilung per E-Mail. Die Rechtm\u00e4\u00dfigkeit der bis zum Widerruf erfolgten Datenverarbeitung bleibt vom Widerruf unber\u00fchrt.<\/p><p>Recht auf Beschwerde bei der zust\u00e4ndigen Aufsichtsbeh\u00f6rde<br \/>Als Betroffener steht Ihnen im Falle eines datenschutzrechtlichen Versto\u00dfes ein Beschwerderecht bei der zust\u00e4ndigen Aufsichtsbeh\u00f6rde zu. Zust\u00e4ndige Aufsichtsbeh\u00f6rde bez\u00fcglich datenschutzrechtlicher Fragen ist der Landesdatenschutzbeauftragte des Bundeslandes, in dem sich der Sitz unseres Unternehmens befindet. Der folgende Link stellt eine Liste der Datenschutzbeauftragten sowie deren Kontaktdaten bereit: https:\/\/www.bfdi.bund.de\/DE\/Infothek\/Anschriften_Links\/anschriften_links-node.html.<\/p><p>Recht auf Daten\u00fcbertragbarkeit<br \/>Ihnen steht das Recht zu, Daten, die wir auf Grundlage Ihrer Einwilligung oder in Erf\u00fcllung eines Vertrags automatisiert verarbeiten, an sich oder an Dritte aush\u00e4ndigen zu lassen. Die Bereitstellung erfolgt in einem maschinenlesbaren Format. Sofern Sie die direkte \u00dcbertragung der Daten an einen anderen Verantwortlichen verlangen, erfolgt dies nur, soweit es technisch machbar ist.<\/p><p>Recht auf Auskunft, Berichtigung, Sperrung, L\u00f6schung<br \/>Sie haben jederzeit im Rahmen der geltenden gesetzlichen Bestimmungen das Recht auf unentgeltliche Auskunft \u00fcber Ihre gespeicherten personenbezogenen Daten, Herkunft der Daten, deren Empf\u00e4nger und den Zweck der Datenverarbeitung und ggf. ein Recht auf Berichtigung, Sperrung oder L\u00f6schung dieser Daten. Diesbez\u00fcglich und auch zu weiteren Fragen zum Thema personenbezogene Daten k\u00f6nnen Sie sich jederzeit \u00fcber die im Impressum aufgef\u00fchrten Kontaktm\u00f6glichkeiten an uns wenden.<\/p><p>SSL- bzw. TLS-Verschl\u00fcsselung<br \/>Aus Sicherheitsgr\u00fcnden und zum Schutz der \u00dcbertragung vertraulicher Inhalte, die Sie an uns als Seitenbetreiber senden, nutzt unsere Website eine SSL-bzw. TLS-Verschl\u00fcsselung. Damit sind Daten, die Sie \u00fcber diese Website \u00fcbermitteln, f\u00fcr Dritte nicht mitlesbar. Sie erkennen eine verschl\u00fcsselte Verbindung an der \u201ehttps:\/\/\u201c Adresszeile Ihres Browsers und am Schloss-Symbol in der Browserzeile.<\/p><p>Registrierung auf dieser Website<br \/>Zur Nutzung bestimmter Funktionen k\u00f6nnen Sie sich auf unserer Website registrieren. Die \u00fcbermittelten Daten dienen ausschlie\u00dflich zum Zwecke der Nutzung des jeweiligen Angebotes oder Dienstes. Bei der Registrierung abgefragte Pflichtangaben sind vollst\u00e4ndig anzugeben. Andernfalls werden wir die Registrierung ablehnen.<br \/>Im Falle wichtiger \u00c4nderungen, etwa aus technischen Gr\u00fcnden, informieren wir Sie per E-Mail. Die E-Mail wird an die Adresse versendet, die bei der Registrierung angegeben wurde.<br \/>Die Verarbeitung der bei der Registrierung eingegebenen Daten erfolgt auf Grundlage Ihrer Einwilligung (Art. 6 Abs. 1 lit. a DSGVO). Ein Widerruf Ihrer bereits erteilten Einwilligung ist jederzeit m\u00f6glich. F\u00fcr den Widerruf gen\u00fcgt eine formlose Mitteilung per E-Mail. Die Rechtm\u00e4\u00dfigkeit der bereits erfolgten Datenverarbeitung bleibt vom Widerruf unber\u00fchrt.<br \/>Wir speichern die bei der Registrierung erfassten Daten w\u00e4hrend des Zeitraums, den Sie auf unserer Website registriert sind. Ihren Daten werden gel\u00f6scht, sollten Sie Ihre Registrierung aufheben. Gesetzliche Aufbewahrungsfristen bleiben unber\u00fchrt.<\/p><p>Kontaktformular<br \/>Per Kontaktformular \u00fcbermittelte Daten werden einschlie\u00dflich Ihrer Kontaktdaten gespeichert, um Ihre Anfrage bearbeiten zu k\u00f6nnen oder um f\u00fcr Anschlussfragen bereitzustehen. Eine Weitergabe dieser Daten findet ohne Ihre Einwilligung nicht statt.<br \/>Die Verarbeitung der in das Kontaktformular eingegebenen Daten erfolgt ausschlie\u00dflich auf Grundlage Ihrer Einwilligung (Art. 6 Abs. 1 lit. a DSGVO). Ein Widerruf Ihrer bereits erteilten Einwilligung ist jederzeit m\u00f6glich. F\u00fcr den Widerruf gen\u00fcgt eine formlose Mitteilung per E-Mail. Die Rechtm\u00e4\u00dfigkeit der bis zum Widerruf erfolgten Datenverarbeitungsvorg\u00e4nge bleibt vom Widerruf unber\u00fchrt.<br \/>\u00dcber das Kontaktformular \u00fcbermittelte Daten verbleiben bei uns, bis Sie uns zur L\u00f6schung auffordern, Ihre Einwilligung zur Speicherung widerrufen oder keine Notwendigkeit der Datenspeicherung mehr besteht. Zwingende gesetzliche Bestimmungen \u2013 insbesondere Aufbewahrungsfristen \u2013 bleiben unber\u00fchrt.<\/p><p>YouTube<br \/>F\u00fcr Integration und Darstellung von Videoinhalten nutzt unsere Website Plugins von YouTube. Anbieter des Videoportals ist die YouTube, LLC, 901 Cherry Ave., San Bruno, CA 94066, USA.<br \/>Bei Aufruf einer Seite mit integriertem YouTube-Plugin wird eine Verbindung zu den Servern von YouTube hergestellt. YouTube erf\u00e4hrt hierdurch, welche unserer Seiten Sie aufgerufen haben.<br \/>YouTube kann Ihr Surfverhalten direkt Ihrem pers\u00f6nlichen Profil zuzuordnen, sollten Sie in Ihrem YouTube Konto eingeloggt sein. Durch vorheriges Ausloggen haben Sie die M\u00f6glichkeit, dies zu unterbinden.<br \/>Die Nutzung von YouTube erfolgt im Interesse einer ansprechenden Darstellung unserer Online-Angebote. Dies stellt ein berechtigtes Interesse im Sinne von Art. 6 Abs. 1 lit. f DSGVO dar.<br \/>Einzelheiten zum Umgang mit Nutzerdaten finden Sie in der Datenschutzerkl\u00e4rung von YouTube unter: https:\/\/www.google.de\/intl\/de\/policies\/privacy.<\/p><p>Google Analytics<br \/>Unsere Website verwendet Funktionen des Webanalysedienstes Google Analytics. Anbieter des Webanalysedienstes ist die Google Inc., 1600 Amphitheatre Parkway, Mountain View, CA 94043, USA.<br \/>Google Analytics verwendet \u201cCookies.\u201d Das sind kleine Textdateien, die Ihr Webbrowser auf Ihrem Endger\u00e4t speichert und eine Analyse der Website-Benutzung erm\u00f6glichen. Mittels Cookie erzeugte Informationen \u00fcber Ihre Benutzung unserer Website werden an einen Server von Google \u00fcbermittelt und dort gespeichert. Server-Standort ist im Regelfall die USA.<br \/>Das Setzen von Google-Analytics-Cookies erfolgt auf Grundlage von Art. 6 Abs. 1 lit. f DSGVO. Als Betreiber dieser Website haben wir ein berechtigtes Interesse an der Analyse des Nutzerverhaltens, um unser Webangebot und ggf. auch Werbung zu optimieren.<\/p><p>IP-Anonymisierung<br \/>Wir setzen Google Analytics in Verbindung mit der Funktion IP-Anonymisierung ein. Sie gew\u00e4hrleistet, dass Google Ihre IP-Adresse innerhalb von Mitgliedstaaten der Europ\u00e4ischen Union oder in anderen Vertragsstaaten des Abkommens \u00fcber den Europ\u00e4ischen Wirtschaftsraum vor der \u00dcbermittlung in die USA k\u00fcrzt. Es kann Ausnahmef\u00e4lle geben, in denen Google die volle IP-Adresse an einen Server in den USA \u00fcbertr\u00e4gt und dort k\u00fcrzt. In unserem Auftrag wird Google diese Informationen benutzen, um Ihre Nutzung der Website auszuwerten, um Reports \u00fcber Websiteaktivit\u00e4ten zu erstellen und um weitere mit der Websitenutzung und der Internetnutzung verbundene Dienstleistungen gegen\u00fcber uns zu erbringen. Es findet keine Zusammenf\u00fchrung der von Google Analytics \u00fcbermittelten IP-Adresse mit anderen Daten von Google statt.<\/p><p>Browser Plugin<br \/>Das Setzen von Cookies durch Ihren Webbrowser ist verhinderbar. Einige Funktionen unserer Website k\u00f6nnten dadurch jedoch eingeschr\u00e4nkt werden. Ebenso k\u00f6nnen Sie die Erfassung von Daten bez\u00fcglich Ihrer Website-Nutzung einschlie\u00dflich Ihrer IP-Adresse mitsamt anschlie\u00dfender Verarbeitung durch Google unterbinden. Dies ist m\u00f6glich, indem Sie das \u00fcber folgenden Link erreichbare Browser-Plugin herunterladen und installieren: https:\/\/tools.google.com\/dlpage\/gaoptout?hl=de.<\/p><p>Widerspruch gegen die Datenerfassung<br \/>Sie k\u00f6nnen die Erfassung Ihrer Daten durch Google Analytics verhindern, indem Sie auf folgenden Link klicken. Es wird ein Opt-Out-Cookie gesetzt, der die Erfassung Ihrer Daten bei zuk\u00fcnftigen Besuchen unserer Website verhindert: Google Analytics deaktivieren.<br \/>Einzelheiten zum Umgang mit Nutzerdaten bei Google Analytics finden Sie in der Datenschutzerkl\u00e4rung von Google: https:\/\/support.google.com\/analytics\/answer\/6004245?hl=de.<\/p><p>Auftragsverarbeitung<br \/>Zur vollst\u00e4ndigen Erf\u00fcllung der gesetzlichen Datenschutzvorgaben haben wir mit Google einen Vertrag \u00fcber die Auftragsverarbeitung abgeschlossen.<\/p><p>Demografische Merkmale bei Google Analytics<br \/>Unsere Website verwendet die Funktion \u201cdemografische Merkmale\u201d von Google Analytics. Mit ihr lassen sich Berichte erstellen, die Aussagen zu Alter, Geschlecht und Interessen der Seitenbesucher enthalten. Diese Daten stammen aus interessenbezogener Werbung von Google sowie aus Besucherdaten von Drittanbietern. Eine Zuordnung der Daten zu einer bestimmten Person ist nicht m\u00f6glich. Sie k\u00f6nnen diese Funktion jederzeit deaktivieren. Dies ist \u00fcber die Anzeigeneinstellungen in Ihrem Google-Konto m\u00f6glich oder indem Sie die Erfassung Ihrer Daten durch Google Analytics, wie im Punkt \u201cWiderspruch gegen die Datenerfassung\u201d erl\u00e4utert, generell untersagen.<\/p><p>Content Delivery Network<br \/>Zum Zwecke einer k\u00fcrzeren Ladezeit setzen wir bei einigen Angeboten ein sogenanntes Content Delivery Network (\u201eCDN\u201c) ein. Bei diesem Dienst werden Inhalte, z.B. gro\u00dfe Mediendateien, \u00fcber regional verteilte Server externer CDN-Dienstleister ausgeliefert. Daher werden auf den Servern der Dienstleister Zugriffsdaten verarbeitet. Unsere Dienstleister sind im Rahmen einer Auftragsverarbeitung f\u00fcr uns t\u00e4tig. Bei Fragen zu unseren Dienstleistern und der Grundlage unserer Zusammenarbeit mit Ihnen wenden Sie sich bitte an die in dieser Datenschutzerkl\u00e4rung beschriebenen Kontaktm\u00f6glichkeit. Unsere Dienstleister sitzen in den USA. F\u00fcr die USA liegt kein Angemessenheitsbeschluss der Europ\u00e4ischen Kommission vor. Unsere Zusammenarbeit mit ihnen st\u00fctzt sich auf Standarddatenschutzklauseln der Europ\u00e4ischen Kommission.<\/p><p>Einsatz von Cookies und anderen Technologien zu Webanalyse und Werbezwecken<br \/>Um den Besuch unserer Webseite attraktiv zu gestalten und die Nutzung bestimmter Funktionen zu erm\u00f6glichen, verwenden wir auf verschiedenen Seiten Technologien einschlie\u00dflich sogenannter Cookies. Cookies sind kleine Textdateien, die automatisch auf Ihrem Endger\u00e4t gespeichert werden. Einige der von uns verwendeten Cookies werden nach Ende der Browser-Sitzung, also nach Schlie\u00dfen Ihres Browsers, wieder gel\u00f6scht (sog. Sitzungs-Cookies). Andere Cookies verbleiben auf Ihrem Endger\u00e4t und erm\u00f6glichen uns, Ihren Browser beim n\u00e4chsten Besuch wiederzuerkennen (persistente Cookies). Wir verwenden solche Technologien, die f\u00fcr die Nutzung bestimmter Funktionen unserer Webseite (z.B. Pr\u00e4ferenzeinstellungen der Webseite) zwingend erforderlich sind. Durch diese Technologien werden IP-Adresse, Zeitpunkt des Besuchs, Ger\u00e4te- und Browser-Informationen sowie Informationen zu Ihrer Nutzung unserer Webseite (z.B. Informationen zu Ihren Pr\u00e4ferenzen) erhoben und verarbeitet. Dies dient im Rahmen einer Interessensabw\u00e4gung \u00fcberwiegenden berechtigten Interessen an einer optimierten Darstellung unseres Angebots gem\u00e4\u00df Art. 6 Abs. 1 S. 1 lit. f DSGVO. Zudem verwenden wir Technologien zur Erf\u00fcllung der rechtlichen Verpflichtungen, denen wir unterliegen (z.B. um Einwilligungen in die Verarbeitung Ihrer personenbezogenen Daten nachweisen zu k\u00f6nnen) sowie zu Webanalyse und Online-Marketing. Weitere Informationen hierzu einschlie\u00dflich der jeweiligen Rechtsgrundlage f\u00fcr die Datenverarbeitung finden Sie in den nachfolgenden Abschnitten dieser Datenschutzerkl\u00e4rung.Die Cookie-Einstellungen f\u00fcr Ihren Browser finden Sie unter den folgenden Links: Microsoft Edge\u2122 \/ Safari\u2122 \/ Chrome\u2122 \/ Firefox\u2122 \/ Opera\u2122 Alternativ k\u00f6nnen Sie auch folgenden Link aufrufen: www.sportellements.de. Bei der Nichtannahme von Cookies kann die Funktionalit\u00e4t unserer Webseite eingeschr\u00e4nkt sein.<br \/>Soweit Sie hierzu Ihre Einwilligung nach Art. 6 Abs. 1 S. 1 lit. a DSGVO erteilt haben, verwenden wir auf unserer Webseite die nachfolgenden Cookies und andere Technologien von Drittanbietern. Nach Zweckfortfall und Ende des Einsatzes der jeweiligen Technologie durch uns werden die in diesem Zusammenhang erhobenen Daten gel\u00f6scht. Sie k\u00f6nnen Ihre Einwilligung jederzeit mit Wirkung f\u00fcr die Zukunft widerrufen. Weitere Informationen zu Ihren Widerrufsm\u00f6glichkeiten finden Sie in dem Abschnitt &#8222;Cookies und weitere Technologien&#8220;. Weitere Informationen einschlie\u00dflich der Grundlage unserer Zusammenarbeit mit den einzelnen Anbietern finden Sie bei den einzelnen Technologien. Bei Fragen zu den Anbietern und der Grundlage unserer Zusammenarbeit mit ihnen wenden Sie sich bitte an die in dieser Datenschutzerkl\u00e4rung beschriebenen Kontaktm\u00f6glichkeit.<\/p><p>Einsatz von Google-Diensten zu Webanalyse und Werbezwecken<br \/>Wir verwenden die nachfolgend dargestellten Technologien der Google Ireland Ltd., Gordon House, Barrow Street, Dublin 4, Irland (\u201eGoogle\u201c). Die durch die Google Technologien automatisch erhobenen Informationen \u00fcber Ihre Nutzung unserer Webseite werden in der Regel an einen Server der Google LLC, 1600 Amphitheatre Parkway Mountain View, CA 94043, USA \u00fcbertragen und dort gespeichert. F\u00fcr die USA liegt kein Angemessenheitsbeschluss der Europ\u00e4ischen Kommission vor. Unsere Zusammenarbeit mit ihnen st\u00fctzt sich auf Standarddatenschutzklauseln der Europ\u00e4ischen Kommission. Sofern Ihre IP-Adresse \u00fcber die Google Technologien erhoben wird, wird sie vor der Speicherung auf den Servern von Google durch die Aktivierung der IP-Anonymisierung gek\u00fcrzt. Nur in Ausnahmef\u00e4llen wird die volle IP-Adresse an einen Server von Google \u00fcbertragen und dort gek\u00fcrzt. Soweit bei den einzelnen Technologien nichts Abweichendes angeben ist, erfolgt die Datenverarbeitung auf Grundlage einer f\u00fcr die jeweilige Technologie geschlossenen Vereinbarung zwischen gemeinsam Verantwortlichen gem\u00e4\u00df Art. 26 DSGVO. Weitergehende Informationen \u00fcber die Datenverarbeitung durch Google finden Sie in den Datenschutzhinweisen von Google.<br \/>Google Analytics<br \/>Zum Zweck der Webseitenanalyse werden mit Google Analytics Daten (IP-Adresse, Zeitpunkt des Besuchs, Ger\u00e4te- und Browser-Informationen sowie Informationen zu Ihrer Nutzung unserer Webseite) automatisch erhoben und gespeichert, aus denen unter Verwendung von Pseudonymen Nutzungsprofile erstellt werden. Hierzu k\u00f6nnen Cookies eingesetzt werden. Ihre IP-Adresse wird grunds\u00e4tzlich nicht mit anderen Daten von Google zusammengef\u00fchrt. Die Datenverarbeitung erfolgt auf Grundlage einer Vereinbarung \u00fcber die Auftragsverarbeitung durch Google.<br \/>Google Maps<br \/>Zur visuellen Darstellung von geographischen Informationen werden durch Google Maps Daten \u00fcber Ihre Nutzung der Maps-Funktionen, insbesondere die IP-Adresse sowie Standortdaten, erhoben, an Google \u00fcbermittelt und anschlie\u00dfend von Google verarbeitet. Wir haben keinen Einfluss auf diese anschlie\u00dfende Datenverarbeitung.<br \/>Social Media<br \/>Unsere Onlinepr\u00e4senz auf Instagram, Youtube, LinkedIn, Facebook<\/p><p>Soweit Sie hierzu Ihre Einwilligung nach Art. 6 Abs. 1 S. 1 lit. a DSGVO gegen\u00fcber dem jeweiligen Social Media Betreiber erteilt haben, werden bei Besuch unserer Onlinepr\u00e4senzen auf den in der oben genannten sozialen Medien Ihre Daten f\u00fcr Marktforschungs- und Werbezwecke automatisch erhoben und gespeichert, aus denen unter Verwendung von Pseudonymen Nutzungsprofile erstellt werden. Diese k\u00f6nnen verwendet werden, um z.B. Werbeanzeigen innerhalb und au\u00dferhalb der Plattformen zu schalten, die mutma\u00dflich Ihren Interessen entsprechen. Hierzu werden im Regelfall Cookies eingesetzt. Die detaillierten Informationen zur Verarbeitung und Nutzung der Daten durch den jeweiligen Social Media Betreiber sowie eine Kontaktm\u00f6glichkeit und Ihre diesbez\u00fcglichen Rechte und Einstellungsm\u00f6glichkeiten zum Schutz Ihrer Privatsph\u00e4re, entnehmen Sie bitte den unten verlinkten Datenschutzhinweisen der Anbieter. Sollten Sie diesbez\u00fcglich dennoch Hilfe ben\u00f6tigen, k\u00f6nnen Sie sich an uns wenden.Instagram ist ein Angebot der Facebook Ireland Ltd., 4 Grand Canal Square, Dublin 2, Irland (\u201eFacebook Ireland\u201c) Die durch Facebook Ireland automatisch erhobenen Informationen \u00fcber Ihre Nutzung unserer Online-Pr\u00e4senz auf Instagram werden in der Regel an einen Server der Facebook, Inc., 1601 Willow Road, Menlo Park, California 94025, USA \u00fcbertragen und dort gespeichert. F\u00fcr die USA liegt kein Angemessenheitsbeschluss der Europ\u00e4ischen Kommission vor. Unsere Zusammenarbeit mit ihnen st\u00fctzt sich auf Standarddatenschutzklauseln der Europ\u00e4ischen Kommission. Die Datenverarbeitung im Rahmen des Besuchs einer Instagram Fanpage erfolgt auf Grundlage einer Vereinbarung zwischen gemeinsam Verantwortlichen gem\u00e4\u00df Art. 26 DSGVO. Weitere Informationen (Informationen zu Insights-Daten) finden Sie hier.YouTube ist ein Angebot der Google Ireland Ltd., Gordon House, Barrow Street, Dublin 4, Irland (\u201eGoogle\u201c). Die von Google automatisch erhobenen Informationen \u00fcber Ihre Nutzung unserer Online-Pr\u00e4senz auf YouTube werden in der Regel an einen Server der Google LLC, 1600 Amphitheatre Parkway Mountain View, CA 94043, USA \u00fcbertragen und dort gespeichert. F\u00fcr die USA liegt kein Angemessenheitsbeschluss der Europ\u00e4ischen Kommission vor. Unsere Zusammenarbeit mit ihnen st\u00fctzt sich auf Standarddatenschutzklauseln der Europ\u00e4ischen Kommission. LinkedIn ist ein Angebot der LinkedIn Ireland Unlimited Company, Wilton Place, Dublin 2, Irland (\u201eLinkedIn\u201c). Die von LinkedIn automatisch erhobenen Informationen \u00fcber Ihre Nutzung unserer Online-Pr\u00e4senz auf LinkedIn werden in der Regel an einen Server der LinkedIn Corporation, 1000 W. Maude Avenue, Sunnyvale, CA 94085, USA \u00fcbertragen und dort gespeichert. F\u00fcr die USA liegt kein Angemessenheitsbeschluss der Europ\u00e4ischen Kommission vor. Unsere Zusammenarbeit mit ihnen st\u00fctzt sich auf Standarddatenschutzklauseln der Europ\u00e4ischen Kommission.<br \/>Kontaktm\u00f6glichkeiten und Ihre Rechte<br \/>Ihre Rechte<\/p><p>Als Betroffener haben Sie folgende Rechte:<br \/>\u00b7 gem\u00e4\u00df Art. 15 DSGVO das Recht, in dem dort bezeichneten Umfang Auskunft \u00fcber Ihre von uns verarbeiteten personenbezogenen Daten zu verlangen;<br \/>\u00b7 gem\u00e4\u00df Art. 16 DSGVO das Recht, unverz\u00fcglich die Berichtigung unrichtiger oder Vervollst\u00e4ndigung Ihrer bei uns gespeicherten personenbezogenen Daten zu verlangen;<br \/>\u00b7 gem\u00e4\u00df Art. 17 DSGVO das Recht, die L\u00f6schung Ihrer bei uns gespeicherten personenbezogenen Daten zu verlangen, soweit nicht die weitere Verarbeitung<br \/>ozur Aus\u00fcbung des Rechts auf freie Meinungs\u00e4u\u00dferung und Information;<br \/>ozur Erf\u00fcllung einer rechtlichen Verpflichtung;<br \/>oaus Gr\u00fcnden des \u00f6ffentlichen Interesses oder<br \/>ozur Geltendmachung, Aus\u00fcbung oder Verteidigung von Rechtsanspr\u00fcchen erforderlich ist;<br \/>\u00b7 gem\u00e4\u00df Art. 18 DSGVO das Recht, die Einschr\u00e4nkung der Verarbeitung Ihrer personenbezogenen Daten zu verlangen, soweit<br \/>odie Richtigkeit der Daten von Ihnen bestritten wird;<br \/>odie Verarbeitung unrechtm\u00e4\u00dfig ist, Sie aber deren L\u00f6schung ablehnen;<br \/>owir die Daten nicht mehr ben\u00f6tigen, Sie diese jedoch zur Geltendmachung, Aus\u00fcbung oder Verteidigung von Rechtsanspr\u00fcchen ben\u00f6tigen oder<br \/>oSie gem\u00e4\u00df Art. 21 DSGVO Widerspruch gegen die Verarbeitung eingelegt haben;<br \/>\u00b7 gem\u00e4\u00df Art. 20 DSGVO das Recht, Ihre personenbezogenen Daten, die Sie uns bereitgestellt haben, in einem strukturierten, g\u00e4ngigen und maschinenlesbaren Format zu erhalten oder die \u00dcbermittlung an einen anderen Verantwortlichen zu verlangen;<br \/>\u00b7 gem\u00e4\u00df Art. 77 DSGVO das Recht, sich bei einer Aufsichtsbeh\u00f6rde zu beschweren. In der Regel k\u00f6nnen Sie sich hierf\u00fcr an die Aufsichtsbeh\u00f6rde Ihres \u00fcblichen Aufenthaltsortes oder Arbeitsplatzes oder unseres Unternehmenssitzes wenden.<\/p><p>Widerspruchsrecht<br \/>Soweit wir zur Wahrung unserer im Rahmen einer Interessensabw\u00e4gung \u00fcberwiegenden berechtigten Interessen personenbezogene Daten wie oben erl\u00e4utert verarbeiten, k\u00f6nnen Sie dieser Verarbeitung mit Wirkung f\u00fcr die Zukunft widersprechen. Erfolgt die Verarbeitung zu Zwecken des Direktmarketings, k\u00f6nnen Sie dieses Recht jederzeit wie oben beschrieben aus\u00fcben. Soweit die Verarbeitung zu anderen Zwecken erfolgt, steht Ihnen ein Widerspruchsrecht nur bei Vorliegen von Gr\u00fcnden, die sich aus Ihrer besonderen Situation ergeben, zu.Nach Aus\u00fcbung Ihres Widerspruchsrechts werden wir Ihre personenbezogenen Daten nicht weiter zu diesen Zwecken verarbeiten, es sei denn, wir k\u00f6nnen zwingende schutzw\u00fcrdige Gr\u00fcnde f\u00fcr die Verarbeitung nachweisen, die Ihre Interessen, Rechte und Freiheiten \u00fcberwiegen, oder wenn die Verarbeitung der Geltendmachung, Aus\u00fcbung oder Verteidigung von Rechtsanspr\u00fcchen dient.Dies gilt nicht, wenn die Verarbeitung zu Zwecken des Direktmarketings erfolgt. Dann werden wir Ihre personenbezogenen Daten nicht weiter zu diesem Zweck verarbeiten.<br \/>6.2 Kontaktm\u00f6glichkeiten<br \/>Bei Fragen zur Erhebung, Verarbeitung oder Nutzung Ihrer personenbezogenen Daten, bei Ausk\u00fcnften, Berichtigung, Einschr\u00e4nkung oder L\u00f6schung von Daten sowie Widerruf erteilter Einwilligungen oder Widerspruch gegen eine bestimmte Datenverwendung wenden Sie sich bitte direkt an uns \u00fcber die Kontaktdaten in unserem Impressum.<\/p>\t\t\t\t\t\t<\/div>\n\t\t\t\t<\/div>\n\t\t\t\t\t<\/div>\n\t\t<\/div>\n\t\t\t\t\t\t\t<\/div>\n\t\t<\/section>\n\t\t\t\t\t\t\t<\/div>\n\t\t","protected":false},"excerpt":{"rendered":"<p>Datenschutz Verantwortlicher f\u00fcr die Datenverarbeitung ist: Johannes KlugeLaubestra\u00dfe 4801309 DresdenDeutschlandinfo@kluge-personaltraining.de Wir freuen uns \u00fcber Ihr Interesse an unserer Webseite. Der Schutz Ihrer Privatsph\u00e4re ist f\u00fcr uns sehr wichtig. Nachstehend informieren wir Sie ausf\u00fchrlich \u00fcber den Umgang mit Ihren Daten. Die verantwortliche Stelle entscheidet allein oder gemeinsam mit anderen \u00fcber die Zwecke und Mittel der Verarbeitung [&hellip;]<\/p>\n","protected":false},"author":1,"featured_media":0,"parent":0,"menu_order":0,"comment_status":"closed","ping_status":"closed","template":"","meta":{"footnotes":""},"class_list":["post-331","page","type-page","status-publish","hentry"],"_links":{"self":[{"href":"https:\/\/kluge-personaltraining.de\/index.php\/wp-json\/wp\/v2\/pages\/331","targetHints":{"allow":["GET"]}}],"collection":[{"href":"https:\/\/kluge-personaltraining.de\/index.php\/wp-json\/wp\/v2\/pages"}],"about":[{"href":"https:\/\/kluge-personaltraining.de\/index.php\/wp-json\/wp\/v2\/types\/page"}],"author":[{"embeddable":true,"href":"https:\/\/kluge-personaltraining.de\/index.php\/wp-json\/wp\/v2\/users\/1"}],"replies":[{"embeddable":true,"href":"https:\/\/kluge-personaltraining.de\/index.php\/wp-json\/wp\/v2\/comments?post=331"}],"version-history":[{"count":3,"href":"https:\/\/kluge-personaltraining.de\/index.php\/wp-json\/wp\/v2\/pages\/331\/revisions"}],"predecessor-version":[{"id":602,"href":"https:\/\/kluge-personaltraining.de\/index.php\/wp-json\/wp\/v2\/pages\/331\/revisions\/602"}],"wp:attachment":[{"href":"https:\/\/kluge-personaltraining.de\/index.php\/wp-json\/wp\/v2\/media?parent=331"}],"curies":[{"name":"wp","href":"https:\/\/api.w.org\/{rel}","templated":true}]}}